{"id":287,"date":"2016-10-14T17:11:09","date_gmt":"2016-10-14T17:11:09","guid":{"rendered":"http:\/\/home-prorealty.com\/?page_id=287"},"modified":"2021-10-23T19:09:37","modified_gmt":"2021-10-23T19:09:37","slug":"about-us","status":"publish","type":"page","link":"https:\/\/home-prorealty.com\/es\/about-us","title":{"rendered":"CON\u00d3CENOS"},"content":{"rendered":"<p><div class=\"fusion-fullwidth fullwidth-box fusion-builder-row-5 hundred-percent-fullwidth non-hundred-percent-height-scrolling\" style=\"background-color: rgba(255,255,255,0);background-position: center center;background-repeat: no-repeat;padding-top:0px;padding-right:0px;padding-bottom:0px;padding-left:0px;margin-bottom: 0px;margin-top: 0px;border-width: 0px 0px 0px 0px;border-color:#eae9e9;border-style:solid;\" ><div class=\"fusion-builder-row fusion-row\"><div class=\"fusion-layout-column fusion_builder_column fusion-builder-column-9 fusion_builder_column_1_1 1_1 fusion-one-full fusion-column-first fusion-column-last fusion-column-no-min-height\" style=\"margin-top:0px;margin-bottom:0px;\"><div class=\"fusion-column-wrapper fusion-flex-column-wrapper-legacy\" style=\"background-position:left top;background-repeat:no-repeat;-webkit-background-size:cover;-moz-background-size:cover;-o-background-size:cover;background-size:cover;padding: 0px 0px 0px 0px;\"><div class=\"fusion-clearfix\"><\/div><\/div><\/div><\/div><style type=\"text\/css\">.fusion-fullwidth.fusion-builder-row-5 { overflow:visible; }<\/style><\/div><div class=\"fusion-fullwidth fullwidth-box fusion-builder-row-6 nonhundred-percent-fullwidth non-hundred-percent-height-scrolling\" style=\"background-color: rgba(255,255,255,0);background-position: left top;background-repeat: no-repeat;padding-top:20px;padding-right:0px;padding-bottom:20px;padding-left:0px;margin-bottom: 0px;margin-top: 0px;border-width: 0px 0px 0px 0px;border-color:#eae9e9;border-style:solid;\" ><div class=\"fusion-builder-row fusion-row\"><div class=\"fusion-layout-column fusion_builder_column fusion-builder-column-10 fusion_builder_column_1_3 1_3 fusion-one-third fusion-column-first\" style=\"width:30.6666%; margin-right: 4%;margin-top:0px;margin-bottom:20px;\"><div class=\"fusion-column-wrapper fusion-flex-column-wrapper-legacy\" style=\"background-position:left top;background-repeat:no-repeat;-webkit-background-size:cover;-moz-background-size:cover;-o-background-size:cover;background-size:cover;padding: 0px 0px 0px 0px;\"><div class=\"imageframe-align-center\"><style>.element-bottomshadow.imageframe-2:before, .element-bottomshadow.imageframe-2:after{-webkit-box-shadow: 0 17px 10px rgba(237,237,237,0.4);box-shadow: 0 17px 10px rgba(237,237,237,0.4);}<\/style><div class=\"awb-image-frame awb-image-frame-2 imageframe-liftup fusion-image-frame-bottomshadow image-frame-shadow-2\"><span class=\" fusion-imageframe imageframe-bottomshadow imageframe-2 element-bottomshadow\"><img decoding=\"async\" src=\"http:\/\/realtorsonfire.com\/wp-content\/uploads\/2019\/02\/500-German-Victoria-Pena.jpg\" alt class=\"img-responsive\"\/><\/span><\/div><\/div><div class=\"fusion-clearfix\"><\/div><\/div><\/div><div class=\"fusion-layout-column fusion_builder_column fusion-builder-column-11 fusion_builder_column_2_3 2_3 fusion-two-third fusion-column-last\" style=\"width:65.3333%;margin-top:0px;margin-bottom:20px;\"><div class=\"fusion-column-wrapper fusion-flex-column-wrapper-legacy\" style=\"background-position:left top;background-repeat:no-repeat;-webkit-background-size:cover;-moz-background-size:cover;-o-background-size:cover;background-size:cover;padding: 0px 0px 0px 0px;\"><div class=\"fusion-text fusion-text-5\"><h1>HOME PRO REALTY<\/h1>\n<p>Por 30 a\u00f1os, <strong>Germ\u00e1n y Victoria Pe\u00f1a<\/strong> han sido clasificados dentro de la \u00e9lite de Realtors y compa\u00f1\u00ed\u00adas de servicios de bienes ra\u00ed\u00adces en Virginia, Maryland y Washington DC. Ellos han logrado gran reconocimiento y reputaci\u00f3n dentro de la industria debido a que en cada transacci\u00f3n ellos entregan todo su conocimiento, experticia inigualable, profesionalismo, honestidad, trabajo arduo, seguimiento y m\u00e1s importante a\u00fan, cierres sin problemas para vendedores y compradores.<\/p>\n<p>Cuando un Realtor obtiene un contrato de parte de Germ\u00e1n y Victoria Pe\u00f1a, puede estar seguro de una sola cosa: \u00a1sabe que el negocio est\u00e1 hecho!<\/p>\n<h3>PREMIOS:<\/h3>\n<ul>\n<li><strong>Club de Pioneros:<\/strong> 25 a\u00f1os consecutivos en el club de los agentes m\u00e1s productivos. (NVAR)<\/li>\n<li><strong>Life Time Top Producers, Multi-Million Dollar Sales Club<\/strong> (NVAR, GCAAR)<\/li>\n<li><strong>Top 20 Residential Sales Agents:<\/strong> Ranked 7 in 2004 and Ranked 13 in 2013 (NVAR)<\/li>\n<\/ul>\n<h3>ASOCIACIONES:<\/h3>\n<\/div><div class=\"fusion-clearfix\"><\/div><\/div><\/div><\/div><\/div><div class=\"fusion-fullwidth fullwidth-box fusion-builder-row-7 nonhundred-percent-fullwidth non-hundred-percent-height-scrolling\" style=\"background-color: rgba(255,255,255,0);background-position: left top;background-repeat: no-repeat;padding-top:0px;padding-right:0px;padding-bottom:20px;padding-left:0px;margin-bottom: 0px;margin-top: 0px;border-width: 0px 0px 0px 0px;border-color:#eae9e9;border-style:solid;\" ><div class=\"fusion-builder-row fusion-row\"><div class=\"fusion-layout-column fusion_builder_column fusion-builder-column-12 fusion_builder_column_1_6 1_6 fusion-one-sixth fusion-column-first\" style=\"width:13.3333%; margin-right: 4%;margin-top:0px;margin-bottom:20px;\"><div class=\"fusion-column-wrapper fusion-flex-column-wrapper-legacy\" style=\"background-position:left top;background-repeat:no-repeat;-webkit-background-size:cover;-moz-background-size:cover;-o-background-size:cover;background-size:cover;padding: 0px 0px 0px 0px;\"><div class=\"fusion-clearfix\"><\/div><\/div><\/div><div class=\"fusion-layout-column fusion_builder_column fusion-builder-column-13 fusion_builder_column_1_3 1_3 fusion-one-third\" style=\"width:30.6666%; margin-right: 4%;margin-top:0px;margin-bottom:20px;\"><div class=\"fusion-column-wrapper fusion-flex-column-wrapper-legacy\" style=\"background-position:left top;background-repeat:no-repeat;-webkit-background-size:cover;-moz-background-size:cover;-o-background-size:cover;background-size:cover;padding: 0px;\"><div class=\"fusion-text fusion-text-6\"><p><img decoding=\"async\" class=\"size-full wp-image-313 aligncenter\" src=\"http:\/\/realtorsonfire.com\/wp-content\/uploads\/2016\/10\/NVAR-logo.png\" alt=\"Northern Virginia Association of Realtors Logo\" width=\"200\" height=\"213\" \/><\/p>\n<\/div><div class=\"fusion-clearfix\"><\/div><\/div><\/div><div class=\"fusion-layout-column fusion_builder_column fusion-builder-column-14 fusion_builder_column_1_3 1_3 fusion-one-third\" style=\"width:30.6666%; margin-right: 4%;margin-top:0px;margin-bottom:20px;\"><div class=\"fusion-column-wrapper fusion-flex-column-wrapper-legacy\" style=\"background-position:left top;background-repeat:no-repeat;-webkit-background-size:cover;-moz-background-size:cover;-o-background-size:cover;background-size:cover;padding: 0px;\"><div class=\"fusion-text fusion-text-7\"><p><img decoding=\"async\" class=\"size-full wp-image-312 aligncenter\" src=\"http:\/\/realtorsonfire.com\/wp-content\/uploads\/2016\/10\/greater-capital-area-association-realtors-logo.png\" alt=\"Greater Capital Area Association Realtors Logo\" width=\"433\" height=\"196\" srcset=\"https:\/\/home-prorealty.com\/wp-content\/uploads\/2016\/10\/greater-capital-area-association-realtors-logo-200x91.png 200w, https:\/\/home-prorealty.com\/wp-content\/uploads\/2016\/10\/greater-capital-area-association-realtors-logo-300x136.png 300w, https:\/\/home-prorealty.com\/wp-content\/uploads\/2016\/10\/greater-capital-area-association-realtors-logo-400x181.png 400w, https:\/\/home-prorealty.com\/wp-content\/uploads\/2016\/10\/greater-capital-area-association-realtors-logo.png 433w\" sizes=\"(max-width: 433px) 100vw, 433px\" \/><\/p>\n<\/div><div class=\"fusion-clearfix\"><\/div><\/div><\/div><div class=\"fusion-layout-column fusion_builder_column fusion-builder-column-15 fusion_builder_column_1_6 1_6 fusion-one-sixth fusion-column-last\" style=\"width:13.3333%;margin-top:0px;margin-bottom:20px;\"><div class=\"fusion-column-wrapper fusion-flex-column-wrapper-legacy\" style=\"background-position:left top;background-repeat:no-repeat;-webkit-background-size:cover;-moz-background-size:cover;-o-background-size:cover;background-size:cover;padding: 0px 0px 0px 0px;\"><div class=\"fusion-clearfix\"><\/div><\/div><\/div><\/div><\/div><div class=\"fusion-fullwidth fullwidth-box fusion-builder-row-8 hundred-percent-fullwidth non-hundred-percent-height-scrolling\" style=\"background-color: rgba(255,255,255,0);background-position: center center;background-repeat: no-repeat;padding-top:0px;padding-right:0px;padding-bottom:0px;padding-left:0px;margin-bottom: 0px;margin-top: 0px;border-width: 0px 0px 0px 0px;border-color:#eae9e9;border-style:solid;\" ><div class=\"fusion-builder-row fusion-row\"><div class=\"fusion-layout-column fusion_builder_column fusion-builder-column-16 fusion_builder_column_1_1 1_1 fusion-one-full fusion-column-first fusion-column-last fusion-column-no-min-height\" style=\"margin-top:0px;margin-bottom:0px;\"><div class=\"fusion-column-wrapper fusion-flex-column-wrapper-legacy\" style=\"background-position:left top;background-repeat:no-repeat;-webkit-background-size:cover;-moz-background-size:cover;-o-background-size:cover;background-size:cover;padding: 0px 0px 0px 0px;\"><div class=\"fusion-clearfix\"><\/div><\/div><\/div><\/div><style type=\"text\/css\">.fusion-fullwidth.fusion-builder-row-8 { overflow:visible; }<\/style><\/div><\/p>","protected":false},"excerpt":{"rendered":"","protected":false},"author":2,"featured_media":0,"parent":0,"menu_order":0,"comment_status":"closed","ping_status":"closed","template":"","meta":{"footnotes":""},"class_list":["post-287","page","type-page","status-publish","hentry"],"aioseo_notices":[],"_links":{"self":[{"href":"https:\/\/home-prorealty.com\/es\/wp-json\/wp\/v2\/pages\/287","targetHints":{"allow":["GET"]}}],"collection":[{"href":"https:\/\/home-prorealty.com\/es\/wp-json\/wp\/v2\/pages"}],"about":[{"href":"https:\/\/home-prorealty.com\/es\/wp-json\/wp\/v2\/types\/page"}],"author":[{"embeddable":true,"href":"https:\/\/home-prorealty.com\/es\/wp-json\/wp\/v2\/users\/2"}],"replies":[{"embeddable":true,"href":"https:\/\/home-prorealty.com\/es\/wp-json\/wp\/v2\/comments?post=287"}],"version-history":[{"count":36,"href":"https:\/\/home-prorealty.com\/es\/wp-json\/wp\/v2\/pages\/287\/revisions"}],"predecessor-version":[{"id":701,"href":"https:\/\/home-prorealty.com\/es\/wp-json\/wp\/v2\/pages\/287\/revisions\/701"}],"wp:attachment":[{"href":"https:\/\/home-prorealty.com\/es\/wp-json\/wp\/v2\/media?parent=287"}],"curies":[{"name":"wp","href":"https:\/\/api.w.org\/{rel}","templated":true}]}}