{"id":252,"date":"2016-10-03T18:03:13","date_gmt":"2016-10-03T18:03:13","guid":{"rendered":"http:\/\/home-prorealty.com\/?page_id=252"},"modified":"2017-01-21T20:48:58","modified_gmt":"2017-01-21T20:48:58","slug":"disclaimer","status":"publish","type":"page","link":"https:\/\/home-prorealty.com\/es\/disclaimer","title":{"rendered":"Disclaimer"},"content":{"rendered":"<p><\/p>\n<h1>Disclaimer<\/h1>\n<h4>Realtors on Fire.com(<a href=\"http:\/\/www.realtorsonfire.com\">www.realtorsonfire.com<\/a>) es una p\u00e1gina web de propiedad y administrada por Home Pro Realty Inc. Todos los derechos reservados. Home Pro Realty Inc. apoya y cumple los principios de <u><a href=\"https:\/\/www.justice.gov\/crt\/fair-housing-act-2\">Fair Housing Act<\/a>.\u00a0<\/u>Visitar la p\u00e1gina web de <u><a href=\"http:\/\/portal.hud.gov\/hudportal\/HUD\">HUD<\/a>.<\/u><\/h4>\n<h5>** HOME PRO REALTY INC es una firma de servicios de bienes ra\u00ed\u00adces licenciada en los estados de MD, VA y Washington DC y su servicio se limita a estas \u00e1reas. HOME PRO REALTY INC <strong>NO <\/strong>es un prestador de dinero en ninguna transacci\u00f3n y no otorga pr\u00e9stamos, cartas de compromiso de pr\u00e9stamos ni se compromete en obtener pr\u00e9stamos o asegurar tasas de inter\u00e9s. La adquisici\u00f3n de cualquier pr\u00e9stamo o financiaci\u00f3n publicada en <a href=\"http:\/\/www.realtorsonfire.com\">www.realtorsonfire.com<\/a> ser\u00e1\u00a1 basada en su situaci\u00f3n financiera espec\u00edfica y los criterios de los prestamistas con los cuales usted se relaciona. No todos los consumidores califican para los pr\u00e9stamos y tasas de inter\u00e9s publicados. Nosotros sugerimos opciones y usted es absolutamente libre de elegir con que prestamista trabaja. En ning\u00fan momento est\u00e1 obligado a trabajar con ninguna de las empresas financieras que sugerimos.<\/h5>\n<p><\/p>","protected":false},"excerpt":{"rendered":"<p>Disclaimer Realtors on Fire.com(www.realtorsonfire.com) es una p\u00e1gina web de propiedad y administrada por Home Pro Realty Inc. Todos los derechos [&hellip;]<\/p>\n","protected":false},"author":1,"featured_media":0,"parent":0,"menu_order":0,"comment_status":"closed","ping_status":"closed","template":"","meta":{"footnotes":""},"class_list":["post-252","page","type-page","status-publish","hentry"],"aioseo_notices":[],"_links":{"self":[{"href":"https:\/\/home-prorealty.com\/es\/wp-json\/wp\/v2\/pages\/252","targetHints":{"allow":["GET"]}}],"collection":[{"href":"https:\/\/home-prorealty.com\/es\/wp-json\/wp\/v2\/pages"}],"about":[{"href":"https:\/\/home-prorealty.com\/es\/wp-json\/wp\/v2\/types\/page"}],"author":[{"embeddable":true,"href":"https:\/\/home-prorealty.com\/es\/wp-json\/wp\/v2\/users\/1"}],"replies":[{"embeddable":true,"href":"https:\/\/home-prorealty.com\/es\/wp-json\/wp\/v2\/comments?post=252"}],"version-history":[{"count":9,"href":"https:\/\/home-prorealty.com\/es\/wp-json\/wp\/v2\/pages\/252\/revisions"}],"predecessor-version":[{"id":458,"href":"https:\/\/home-prorealty.com\/es\/wp-json\/wp\/v2\/pages\/252\/revisions\/458"}],"wp:attachment":[{"href":"https:\/\/home-prorealty.com\/es\/wp-json\/wp\/v2\/media?parent=252"}],"curies":[{"name":"wp","href":"https:\/\/api.w.org\/{rel}","templated":true}]}}