{"id":12,"date":"2016-09-09T11:51:46","date_gmt":"2016-09-09T11:51:46","guid":{"rendered":"http:\/\/home-prorealty.com\/?page_id=12"},"modified":"2021-10-23T18:58:33","modified_gmt":"2021-10-23T18:58:33","slug":"sellers","status":"publish","type":"page","link":"https:\/\/home-prorealty.com\/es\/sellers","title":{"rendered":"VENDIENDO TU CASA"},"content":{"rendered":"<p><div class=\"fusion-fullwidth fullwidth-box fusion-builder-row-1 hundred-percent-fullwidth non-hundred-percent-height-scrolling\" style=\"background-color: rgba(255,255,255,0);background-position: center center;background-repeat: no-repeat;padding-top:0px;padding-right:30px;padding-bottom:0px;padding-left:30px;margin-bottom: 0px;margin-top: 0px;border-width: 0px 0px 0px 0px;border-color:#eae9e9;border-style:solid;\" ><div class=\"fusion-builder-row fusion-row\"><div class=\"fusion-layout-column fusion_builder_column fusion-builder-column-0 fusion_builder_column_1_1 1_1 fusion-one-full fusion-column-first fusion-column-last fusion-column-no-min-height\" style=\"margin-top:0px;margin-bottom:0px;\"><div class=\"fusion-column-wrapper fusion-flex-column-wrapper-legacy\" style=\"background-position:left top;background-repeat:no-repeat;-webkit-background-size:cover;-moz-background-size:cover;-o-background-size:cover;background-size:cover;padding: 0px 0px 0px 0px;\"><div class=\"fusion-clearfix\"><\/div><\/div><\/div><\/div><style type=\"text\/css\">.fusion-fullwidth.fusion-builder-row-5 { overflow:visible; }<\/style><\/div><div class=\"fusion-fullwidth fullwidth-box fusion-builder-row-6 fusion-parallax-none nonhundred-percent-fullwidth non-hundred-percent-height-scrolling\" style=\"background-color: rgba(255,255,255,0);background-image: url(&quot;http:\/\/realtorsonfire.com\/wp-content\/uploads\/2016\/09\/1200-Sellers-01.jpg&quot;);background-position: left top;background-repeat: no-repeat;padding-top:40px;padding-right:0px;padding-bottom:20px;padding-left:0px;margin-bottom: 0px;margin-top: 0px;border-width: 0px 0px 0px 0px;border-color:#eae9e9;border-style:solid;-webkit-background-size:cover;-moz-background-size:cover;-o-background-size:cover;background-size:cover;\" ><div class=\"fusion-builder-row fusion-row\"><div class=\"fusion-layout-column fusion_builder_column fusion-builder-column-10 fusion_builder_column_3_5 3_5 fusion-three-fifth fusion-column-first\" style=\"width:58.4%; margin-right: 4%;margin-top:0px;margin-bottom:20px;\"><div class=\"fusion-column-wrapper fusion-flex-column-wrapper-legacy\" style=\"background-position:left top;background-repeat:no-repeat;-webkit-background-size:cover;-moz-background-size:cover;-o-background-size:cover;background-size:cover;padding: 0px 0px 0px 0px;\"><div class=\"fusion-clearfix\"><\/div><\/div><\/div><div class=\"fusion-layout-column fusion_builder_column fusion-builder-column-11 fusion_builder_column_2_5 2_5 fusion-two-fifth fusion-column-last\" style=\"width:37.6%;margin-top:0px;margin-bottom:20px;\"><div class=\"fusion-column-wrapper fusion-flex-column-wrapper-legacy\" style=\"background-position:left top;background-repeat:no-repeat;-webkit-background-size:cover;-moz-background-size:cover;-o-background-size:cover;background-size:cover;padding: 0px 0px 0px 0px;\"><div class=\"fusion-text fusion-text-4\">\n<div class=\"wpcf7 no-js\" id=\"wpcf7-f59-o2\" lang=\"en-US\" dir=\"ltr\" data-wpcf7-id=\"59\">\n<div class=\"screen-reader-response\"><p role=\"status\" aria-live=\"polite\" aria-atomic=\"true\"><\/p> <ul><\/ul><\/div>\n<form action=\"\/es\/wp-json\/wp\/v2\/pages\/12#wpcf7-f59-o2\" method=\"post\" class=\"wpcf7-form init mailchimp-ext-0.4.30\" aria-label=\"Contact form\" novalidate=\"novalidate\" data-status=\"init\">\n<div style=\"display: none;\">\n<input type=\"hidden\" name=\"_wpcf7\" value=\"59\" \/>\n<input type=\"hidden\" name=\"_wpcf7_version\" value=\"6.0.6\" \/>\n<input type=\"hidden\" name=\"_wpcf7_locale\" value=\"en_US\" \/>\n<input type=\"hidden\" name=\"_wpcf7_unit_tag\" value=\"wpcf7-f59-o2\" \/>\n<input type=\"hidden\" name=\"_wpcf7_container_post\" value=\"0\" \/>\n<input type=\"hidden\" name=\"_wpcf7_posted_data_hash\" value=\"\" \/>\n<\/div>\n<div class=\"contactforms sellerform\">\n\t<div class=\"formmain\">\n\t\t<div class=\"formheader\">\n\t\t\t<div class=\"formheadertext\">\n\t\t\t\t<h4>Quiero vender mi propiedad\n\t\t\t\t<\/h4>\n\t\t\t\t<h2>NECESITO UN COMPRADOR\n\t\t\t\t<\/h2>\n\t\t\t<\/div>\n\t\t<\/div>\n\t\t<div class=\"formbody\">\n\t\t\t<div class=\"forminputrow forminput2col\">\n\t\t\t\t<p><span class=\"forminputlabel\">Nombre<\/span><br \/>\n<span class=\"wpcf7-form-control-wrap\" data-name=\"fullname\"><input size=\"40\" maxlength=\"400\" class=\"wpcf7-form-control wpcf7-text wpcf7-validates-as-required\" aria-required=\"true\" aria-invalid=\"false\" value=\"\" type=\"text\" name=\"fullname\" \/><\/span>\n\t\t\t\t<\/p>\n\t\t\t<\/div>\n\t\t\t<div class=\"forminputrow forminput2col\">\n\t\t\t\t<p><span class=\"forminputlabel\">Email<\/span><br \/>\n<span class=\"wpcf7-form-control-wrap\" data-name=\"email\"><input size=\"40\" maxlength=\"400\" class=\"wpcf7-form-control wpcf7-email wpcf7-validates-as-required wpcf7-text wpcf7-validates-as-email\" aria-required=\"true\" aria-invalid=\"false\" value=\"\" type=\"email\" name=\"email\" \/><\/span>\n\t\t\t\t<\/p>\n\t\t\t<\/div>\n\t\t\t<div class=\"forminputrow forminput2col\">\n\t\t\t\t<p><span class=\"forminputlabel\">Tel\u00e9fono<\/span><br \/>\n<span class=\"wpcf7-form-control-wrap\" data-name=\"cell\"><input size=\"40\" maxlength=\"400\" class=\"wpcf7-form-control wpcf7-tel wpcf7-validates-as-required wpcf7-text wpcf7-validates-as-tel phoneUS\" aria-required=\"true\" aria-invalid=\"false\" value=\"\" type=\"tel\" name=\"cell\" \/><\/span>\n\t\t\t\t<\/p>\n\t\t\t<\/div>\n\t\t\t<div class=\"forminputrow forminputblock\">\n\t\t\t\t<p><span class=\"forminputlabel\">Direcci\u00f3n de la propiedad<\/span><br \/>\n<span class=\"wpcf7-form-control-wrap\" data-name=\"address\"><input size=\"40\" maxlength=\"400\" class=\"wpcf7-form-control wpcf7-text\" aria-invalid=\"false\" value=\"\" type=\"text\" name=\"address\" \/><\/span>\n\t\t\t\t<\/p>\n\t\t\t<\/div>\n\t\t\t<div class=\"forminputrow forminputinline forminputradio\">\n\t\t\t\t<p><span class=\"forminputlabel\">Planeas vender en<\/span><br \/>\n<span class=\"wpcf7-form-control-wrap\" data-name=\"planninglisting\"><span class=\"wpcf7-form-control wpcf7-radio\"><span class=\"wpcf7-list-item first\"><input type=\"radio\" name=\"planninglisting\" value=\"Ya\" checked=\"checked\" \/><span class=\"wpcf7-list-item-label\">Ya<\/span><\/span><span class=\"wpcf7-list-item\"><input type=\"radio\" name=\"planninglisting\" value=\"3 a 6 meses\" \/><span class=\"wpcf7-list-item-label\">3 a 6 meses<\/span><\/span><span class=\"wpcf7-list-item last\"><input type=\"radio\" name=\"planninglisting\" value=\"6 a 12 meses\" \/><span class=\"wpcf7-list-item-label\">6 a 12 meses<\/span><\/span><\/span><\/span>\n\t\t\t\t<\/p>\n\t\t\t<\/div>\n\t\t\t<div class=\"forminputrow forminputinline forminputselect\">\n\t\t\t\t<p><span class=\"forminputlabel\">La mejor hora para contactarte:<\/span><br \/>\n<span class=\"wpcf7-form-control-wrap\" data-name=\"timetocontact\"><select class=\"wpcf7-form-control wpcf7-select\" aria-invalid=\"false\" name=\"timetocontact\"><option value=\"Hora\">Hora<\/option><option value=\"Ma\u00f1ana\">Ma\u00f1ana<\/option><option value=\"Tarde\">Tarde<\/option><option value=\"Noche\">Noche<\/option><\/select><\/span>\n\t\t\t\t<\/p>\n\t\t\t<\/div>\n\t\t\t<div class=\"ggl-captcha\">\n\t\t\t\t<p>[recaptcha]\n\t\t\t\t<\/p>\n\t\t\t<\/div>\n\t\t\t<div class=\"formsubmitrow\">\n\t\t\t\t<p><input class=\"wpcf7-form-control wpcf7-submit has-spinner\" type=\"submit\" value=\"QUIERO VENDER\" \/>\n\t\t\t\t<\/p>\n\t\t\t<\/div>\n\t\t<\/div>\n\t<\/div>\n<\/div><p style=\"display: none !important;\"><label>&#916;<textarea name=\"_wpcf7_ak_hp_textarea\" cols=\"45\" rows=\"8\" maxlength=\"100\"><\/textarea><\/label><input type=\"hidden\" id=\"ak_js\" name=\"_wpcf7_ak_js\" value=\"242\"\/><script>document.getElementById( \"ak_js\" ).setAttribute( \"value\", ( new Date() ).getTime() );<\/script><\/p><div class=\"fusion-alert alert custom alert-custom fusion-alert-center wpcf7-response-output alert-dismissable\" style=\"border-width:1px;\"><button type=\"button\" class=\"close toggle-alert\" data-dismiss=\"alert\" aria-label=\"Close\">&times;<\/button><div class=\"fusion-alert-content-wrapper\"><span class=\"fusion-alert-content\"><\/span><\/div><\/div><p style=\"display: none !important\"><span class=\"wpcf7-form-control-wrap referer-page\"><input type=\"hidden\" name=\"referer-page\" value=\"direct visit\" size=\"40\" class=\"wpcf7-form-control wpcf7-text referer-page\" aria-invalid=\"false\"><\/span><\/p>\n<!-- Chimpmail extension by Renzo Johnson -->\n<\/form>\n<\/div>\n\n<\/div><div class=\"fusion-clearfix\"><\/div><\/div><\/div><\/div><\/div><div class=\"fusion-fullwidth fullwidth-box fusion-builder-row-7 nonhundred-percent-fullwidth non-hundred-percent-height-scrolling\" style=\"background-color: rgba(255,255,255,0);background-position: left top;background-repeat: no-repeat;padding-top:20px;padding-right:0px;padding-bottom:20px;padding-left:0px;margin-bottom: 0px;margin-top: 0px;border-width: 0px 0px 0px 0px;border-color:#eae9e9;border-style:solid;\" ><div class=\"fusion-builder-row fusion-row\"><div class=\"fusion-layout-column fusion_builder_column fusion-builder-column-12 fusion_builder_column_1_6 1_6 fusion-one-sixth fusion-column-first\" style=\"width:13.3333%; margin-right: 4%;margin-top:0px;margin-bottom:20px;\"><div class=\"fusion-column-wrapper fusion-flex-column-wrapper-legacy\" style=\"background-position:left top;background-repeat:no-repeat;-webkit-background-size:cover;-moz-background-size:cover;-o-background-size:cover;background-size:cover;padding: 0px 0px 0px 0px;\"><div class=\"fusion-clearfix\"><\/div><\/div><\/div><div class=\"fusion-layout-column fusion_builder_column fusion-builder-column-13 fusion_builder_column_2_3 2_3 fusion-two-third\" style=\"width:65.3333%; margin-right: 4%;margin-top:0px;margin-bottom:20px;\"><div class=\"fusion-column-wrapper fusion-flex-column-wrapper-legacy\" style=\"background-position:left top;background-repeat:no-repeat;-webkit-background-size:cover;-moz-background-size:cover;-o-background-size:cover;background-size:cover;padding: 0px 0px 0px 0px;\"><div class=\"fusion-text fusion-text-5\"><h1>VENDIENDO TU CASA<\/h1>\n<h4>En Home Pro Realty, Germ\u00e1n y Victoria Pe\u00f1a, saben que este es un momento de grandes decisiones. Por eso creamos un plan estrat\u00e9gico de mercadeo y asesor\u00ed\u00ada profesional para que tu propiedad cause la mejor impresi\u00f3n desde el primer momento y se venda al precio m\u00e1s competitivo lo m\u00e1s r\u00e1pido posible, de tal manera que puedas continuar hacia tu siguiente destino. Somos profesionales negociando por ti.<\/h4>\n<h4>Como profesionales con 28 a\u00f1os representando miles de vendedores tenemos la sabidur\u00ed\u00ada para que comprendas porque Home Pro Realty es la mejor compa\u00f1\u00ed\u00ada que puedas contratar para vender tu casa.<\/h4>\n<ol>\n<li>\n<h4>Te ayudaremos a encontrar el precio CORRECTO de tu propiedad.<\/h4>\n<\/li>\n<li>\n<h4>La ubicaci\u00f3n juega el papel m\u00e1s importante para encontrar en valor CORRECTO de tu propiedad.<\/h4>\n<\/li>\n<li>\n<h4>Condici\u00f3n y Puesta en Escena: Estos dos factores son la llave para acelerar el proceso de venta.<\/h4>\n<\/li>\n<li>\n<h4>Mercadeo: Te ofrecemos opciones que aseguraran la mayor exposici\u00f3n de tu propiedad sin necesidad de que quiebres el banco.<\/h4>\n<\/li>\n<\/ol>\n<h3><strong>NUESTROS PLANES<\/strong><\/h3>\n<h4><strong>PLAN VENDE, COMPRA &amp; AHORRA<\/strong><\/h4>\n<h4>Accedes al servicio completo de bienes ra\u00edces por tan solo 4% de comisi\u00f3n si compras tu siguiente propiedad con nosotros. Ahorra hasta $2,000 d\u00f3lares por cada $100.000. Ejemplo: Si vendes tu casa por $600.000 ahorras $12.000 d\u00f3lares.<\/h4>\n<h4><strong>OPEN LISTING (INCREIBLE)<\/strong><\/h4>\n<h4>Ahorra mucho mas. Solo 3% de comisi\u00f3n sin nos permites mercadear tu casa. Nos pagas solo si encontramos un comprador. Trabaja con todas las empresas de bienes ra\u00ed\u00adces que quieras al final de cuentas estamos seguros de producir lo que necesitas: <strong>COMPRADORES<\/strong>!<\/h4>\n<\/div><div class=\"fusion-clearfix\"><\/div><\/div><\/div><div class=\"fusion-layout-column fusion_builder_column fusion-builder-column-14 fusion_builder_column_1_6 1_6 fusion-one-sixth fusion-column-last\" style=\"width:13.3333%;margin-top:0px;margin-bottom:20px;\"><div class=\"fusion-column-wrapper fusion-flex-column-wrapper-legacy\" style=\"background-position:left top;background-repeat:no-repeat;-webkit-background-size:cover;-moz-background-size:cover;-o-background-size:cover;background-size:cover;padding: 0px 0px 0px 0px;\"><div class=\"fusion-clearfix\"><\/div><\/div><\/div><\/div><\/div><div class=\"fusion-fullwidth fullwidth-box fusion-builder-row-8 hundred-percent-fullwidth non-hundred-percent-height-scrolling\" style=\"background-color: rgba(255,255,255,0);background-position: center center;background-repeat: no-repeat;padding-top:0px;padding-right:30px;padding-bottom:0px;padding-left:30px;margin-bottom: 0px;margin-top: 0px;border-width: 0px 0px 0px 0px;border-color:#eae9e9;border-style:solid;\" ><div class=\"fusion-builder-row fusion-row\"><div class=\"fusion-layout-column fusion_builder_column fusion-builder-column-15 fusion_builder_column_1_1 1_1 fusion-one-full fusion-column-first fusion-column-last fusion-column-no-min-height\" style=\"margin-top:0px;margin-bottom:0px;\"><div class=\"fusion-column-wrapper fusion-flex-column-wrapper-legacy\" style=\"background-position:left top;background-repeat:no-repeat;-webkit-background-size:cover;-moz-background-size:cover;-o-background-size:cover;background-size:cover;padding: 0px 0px 0px 0px;\"><div class=\"fusion-clearfix\"><\/div><\/div><\/div><\/div><style type=\"text\/css\">.fusion-fullwidth.fusion-builder-row-8 { overflow:visible; }<\/style><\/div><\/p>","protected":false},"excerpt":{"rendered":"","protected":false},"author":1,"featured_media":0,"parent":0,"menu_order":0,"comment_status":"closed","ping_status":"open","template":"100-width.php","meta":{"footnotes":""},"class_list":["post-12","page","type-page","status-publish","hentry"],"aioseo_notices":[],"_links":{"self":[{"href":"https:\/\/home-prorealty.com\/es\/wp-json\/wp\/v2\/pages\/12","targetHints":{"allow":["GET"]}}],"collection":[{"href":"https:\/\/home-prorealty.com\/es\/wp-json\/wp\/v2\/pages"}],"about":[{"href":"https:\/\/home-prorealty.com\/es\/wp-json\/wp\/v2\/types\/page"}],"author":[{"embeddable":true,"href":"https:\/\/home-prorealty.com\/es\/wp-json\/wp\/v2\/users\/1"}],"replies":[{"embeddable":true,"href":"https:\/\/home-prorealty.com\/es\/wp-json\/wp\/v2\/comments?post=12"}],"version-history":[{"count":53,"href":"https:\/\/home-prorealty.com\/es\/wp-json\/wp\/v2\/pages\/12\/revisions"}],"predecessor-version":[{"id":692,"href":"https:\/\/home-prorealty.com\/es\/wp-json\/wp\/v2\/pages\/12\/revisions\/692"}],"wp:attachment":[{"href":"https:\/\/home-prorealty.com\/es\/wp-json\/wp\/v2\/media?parent=12"}],"curies":[{"name":"wp","href":"https:\/\/api.w.org\/{rel}","templated":true}]}}