{"id":108,"date":"2016-09-09T19:51:55","date_gmt":"2016-09-09T19:51:55","guid":{"rendered":"http:\/\/home-prorealty.com\/?page_id=108"},"modified":"2021-10-23T18:58:33","modified_gmt":"2021-10-23T18:58:33","slug":"mortgages","status":"publish","type":"page","link":"https:\/\/home-prorealty.com\/es\/mortgages","title":{"rendered":"HIPOTECAS"},"content":{"rendered":"<p><div class=\"fusion-fullwidth fullwidth-box fusion-builder-row-1 hundred-percent-fullwidth non-hundred-percent-height-scrolling\" style=\"background-color: rgba(255,255,255,0);background-position: center center;background-repeat: no-repeat;padding-top:0px;padding-right:30px;padding-bottom:0px;padding-left:30px;margin-bottom: 0px;margin-top: 0px;border-width: 0px 0px 0px 0px;border-color:#eae9e9;border-style:solid;\" ><div class=\"fusion-builder-row fusion-row\"><div class=\"fusion-layout-column fusion_builder_column fusion-builder-column-0 fusion_builder_column_1_1 1_1 fusion-one-full fusion-column-first fusion-column-last fusion-column-no-min-height\" style=\"margin-top:0px;margin-bottom:0px;\"><div class=\"fusion-column-wrapper fusion-flex-column-wrapper-legacy\" style=\"background-position:left top;background-repeat:no-repeat;-webkit-background-size:cover;-moz-background-size:cover;-o-background-size:cover;background-size:cover;padding: 0px 0px 0px 0px;\"><div class=\"fusion-clearfix\"><\/div><\/div><\/div><\/div><style type=\"text\/css\">.fusion-fullwidth.fusion-builder-row-4 { overflow:visible; }<\/style><\/div><div class=\"fusion-fullwidth fullwidth-box fusion-builder-row-5 fusion-parallax-none nonhundred-percent-fullwidth non-hundred-percent-height-scrolling\" style=\"background-color: rgba(255,255,255,0);background-image: url(&quot;http:\/\/realtorsonfire.com\/wp-content\/uploads\/2016\/09\/1200-Mortgage-01.jpg&quot;);background-position: left center;background-repeat: no-repeat;padding-top:40px;padding-right:0px;padding-bottom:20px;padding-left:0px;margin-bottom: 0px;margin-top: 0px;border-width: 0px 0px 0px 0px;border-color:#eae9e9;border-style:solid;-webkit-background-size:cover;-moz-background-size:cover;-o-background-size:cover;background-size:cover;\" ><div class=\"fusion-builder-row fusion-row\"><div class=\"fusion-layout-column fusion_builder_column fusion-builder-column-6 fusion_builder_column_3_5 3_5 fusion-three-fifth fusion-column-first\" style=\"width:58.4%; margin-right: 4%;margin-top:0px;margin-bottom:20px;\"><div class=\"fusion-column-wrapper fusion-flex-column-wrapper-legacy\" style=\"background-position:left top;background-repeat:no-repeat;-webkit-background-size:cover;-moz-background-size:cover;-o-background-size:cover;background-size:cover;padding: 120px 0px 0px 0px;\"><div class=\"fusion-text fusion-text-4\"><p style=\"text-align: center;\"><span style=\"color: #ffffff; font-size: 36px; line-height: 36px; text-shadow: 1px 1px 4px #333; font-weight: 400; margin-bottom: 40px; padding-bottom: 30px !important;\">Calificas para comprar o refinanciar?<\/span><\/p>\n<p style=\"text-align: center;\"><span style=\"color: #ffffff; font-size: 66px; line-height: 56px; text-shadow: 1px 1px 4px #333; font-weight: bold; margin-top: 20px; padding-top: 30px !important;\">TE PODEMOS AYUDAR<\/span><\/p>\n<\/div><div class=\"fusion-clearfix\"><\/div><\/div><\/div><div class=\"fusion-layout-column fusion_builder_column fusion-builder-column-7 fusion_builder_column_2_5 2_5 fusion-two-fifth fusion-column-last\" style=\"width:37.6%;margin-top:0px;margin-bottom:20px;\"><div class=\"fusion-column-wrapper fusion-flex-column-wrapper-legacy\" style=\"background-position:left top;background-repeat:no-repeat;-webkit-background-size:cover;-moz-background-size:cover;-o-background-size:cover;background-size:cover;padding: 0px 0px 0px 0px;\"><div class=\"fusion-text fusion-text-5\">\n<div class=\"wpcf7 no-js\" id=\"wpcf7-f61-o2\" lang=\"en-US\" dir=\"ltr\" data-wpcf7-id=\"61\">\n<div class=\"screen-reader-response\"><p role=\"status\" aria-live=\"polite\" aria-atomic=\"true\"><\/p> <ul><\/ul><\/div>\n<form action=\"\/es\/wp-json\/wp\/v2\/pages\/108#wpcf7-f61-o2\" method=\"post\" class=\"wpcf7-form init mailchimp-ext-0.4.30\" aria-label=\"Contact form\" novalidate=\"novalidate\" data-status=\"init\">\n<div style=\"display: none;\">\n<input type=\"hidden\" name=\"_wpcf7\" value=\"61\" \/>\n<input type=\"hidden\" name=\"_wpcf7_version\" value=\"6.0.6\" \/>\n<input type=\"hidden\" name=\"_wpcf7_locale\" value=\"en_US\" \/>\n<input type=\"hidden\" name=\"_wpcf7_unit_tag\" value=\"wpcf7-f61-o2\" \/>\n<input type=\"hidden\" name=\"_wpcf7_container_post\" value=\"0\" \/>\n<input type=\"hidden\" name=\"_wpcf7_posted_data_hash\" value=\"\" \/>\n<\/div>\n<div class=\"contactforms mortform\">\n\t<div class=\"formmain\">\n\t\t<div class=\"formheader\">\n\t\t\t<div class=\"formheadertext\">\n\t\t\t\t<h4>Necesitas comprar o refinanciar?\n\t\t\t\t<\/h4>\n\t\t\t\t<h2>Tenemos muchas opciones\n\t\t\t\t<\/h2>\n\t\t\t<\/div>\n\t\t<\/div>\n\t\t<div class=\"formbody\">\n\t\t\t<div class=\"forminputrow forminput2col\">\n\t\t\t\t<p><span class=\"forminputlabel\">Nombre<\/span><br \/>\n<span class=\"wpcf7-form-control-wrap\" data-name=\"fullname\"><input size=\"40\" maxlength=\"400\" class=\"wpcf7-form-control wpcf7-text wpcf7-validates-as-required\" aria-required=\"true\" aria-invalid=\"false\" value=\"\" type=\"text\" name=\"fullname\" \/><\/span>\n\t\t\t\t<\/p>\n\t\t\t<\/div>\n\t\t\t<div class=\"forminputrow forminput2col\">\n\t\t\t\t<p><span class=\"forminputlabel\">Email<\/span><br \/>\n<span class=\"wpcf7-form-control-wrap\" data-name=\"email\"><input size=\"40\" maxlength=\"400\" class=\"wpcf7-form-control wpcf7-text wpcf7-validates-as-required\" aria-required=\"true\" aria-invalid=\"false\" value=\"\" type=\"text\" name=\"email\" \/><\/span>\n\t\t\t\t<\/p>\n\t\t\t<\/div>\n\t\t\t<div class=\"forminputrow forminput2col\">\n\t\t\t\t<p><span class=\"forminputlabel\">Tel\u00e9fono<\/span><br \/>\n<span class=\"wpcf7-form-control-wrap\" data-name=\"cell\"><input size=\"40\" maxlength=\"400\" class=\"wpcf7-form-control wpcf7-tel wpcf7-validates-as-required wpcf7-text wpcf7-validates-as-tel phoneUS\" aria-required=\"true\" aria-invalid=\"false\" value=\"\" type=\"tel\" name=\"cell\" \/><\/span>\n\t\t\t\t<\/p>\n\t\t\t<\/div>\n\t\t\t<div class=\"forminputrow forminputinline forminputradio\">\n\t\t\t\t<p><span class=\"forminputlabel\">Quieres?<\/span><br \/>\n<span class=\"wpcf7-form-control-wrap\" data-name=\"liketo\"><span class=\"wpcf7-form-control wpcf7-radio\"><span class=\"wpcf7-list-item first\"><input type=\"radio\" name=\"liketo\" value=\"Comprar\" checked=\"checked\" \/><span class=\"wpcf7-list-item-label\">Comprar<\/span><\/span><span class=\"wpcf7-list-item last\"><input type=\"radio\" name=\"liketo\" value=\"Refinanciar\" \/><span class=\"wpcf7-list-item-label\">Refinanciar<\/span><\/span><\/span><\/span>\n\t\t\t\t<\/p>\n\t\t\t<\/div>\n\t\t\t<div class=\"forminputrow forminputinline forminputradio\">\n\t\t\t\t<p><span class=\"forminputlabel\">Historia de cr\u00e9dito:<\/span><br \/>\n<span class=\"wpcf7-form-control-wrap\" data-name=\"credit-history\"><span class=\"wpcf7-form-control wpcf7-radio\"><span class=\"wpcf7-list-item first\"><input type=\"radio\" name=\"credit-history\" value=\"Bajo\" checked=\"checked\" \/><span class=\"wpcf7-list-item-label\">Bajo<\/span><\/span><span class=\"wpcf7-list-item\"><input type=\"radio\" name=\"credit-history\" value=\"Promedio\" \/><span class=\"wpcf7-list-item-label\">Promedio<\/span><\/span><span class=\"wpcf7-list-item last\"><input type=\"radio\" name=\"credit-history\" value=\"Excelente\" \/><span class=\"wpcf7-list-item-label\">Excelente<\/span><\/span><\/span><\/span>\n\t\t\t\t<\/p>\n\t\t\t<\/div>\n\t\t\t<div class=\"forminputrow forminputinline forminputselect\">\n\t\t\t\t<p><span class=\"forminputlabel\">La mejor hora para contactarte:<\/span><br \/>\n<span class=\"wpcf7-form-control-wrap\" data-name=\"timetocontact\"><select class=\"wpcf7-form-control wpcf7-select\" aria-invalid=\"false\" name=\"timetocontact\"><option value=\"Hora\">Hora<\/option><option value=\"Ma\u00f1ana\">Ma\u00f1ana<\/option><option value=\"Tarde\">Tarde<\/option><option value=\"Noche\">Noche<\/option><\/select><\/span>\n\t\t\t\t<\/p>\n\t\t\t<\/div>\n\t\t\t<div class=\"ggl-captcha\">\n\t\t\t\t<p>[recaptcha]\n\t\t\t\t<\/p>\n\t\t\t<\/div>\n\t\t\t<div class=\"formsubmitrow\">\n\t\t\t\t<p><input class=\"wpcf7-form-control wpcf7-submit has-spinner\" type=\"submit\" value=\"Send\" \/>\n\t\t\t\t<\/p>\n\t\t\t<\/div>\n\t\t<\/div>\n\t<\/div>\n<\/div><p style=\"display: none !important;\"><label>&#916;<textarea name=\"_wpcf7_ak_hp_textarea\" cols=\"45\" rows=\"8\" maxlength=\"100\"><\/textarea><\/label><input type=\"hidden\" id=\"ak_js\" name=\"_wpcf7_ak_js\" value=\"187\"\/><script>document.getElementById( \"ak_js\" ).setAttribute( \"value\", ( new Date() ).getTime() );<\/script><\/p><div class=\"fusion-alert alert custom alert-custom fusion-alert-center wpcf7-response-output alert-dismissable\" style=\"border-width:1px;\"><button type=\"button\" class=\"close toggle-alert\" data-dismiss=\"alert\" aria-label=\"Close\">&times;<\/button><div class=\"fusion-alert-content-wrapper\"><span class=\"fusion-alert-content\"><\/span><\/div><\/div><p style=\"display: none !important\"><span class=\"wpcf7-form-control-wrap referer-page\"><input type=\"hidden\" name=\"referer-page\" value=\"direct visit\" size=\"40\" class=\"wpcf7-form-control wpcf7-text referer-page\" aria-invalid=\"false\"><\/span><\/p>\n<!-- Chimpmail extension by Renzo Johnson -->\n<\/form>\n<\/div>\n\n<\/div><div class=\"fusion-clearfix\"><\/div><\/div><\/div><\/div><\/div><div class=\"fusion-fullwidth fullwidth-box fusion-builder-row-6 nonhundred-percent-fullwidth non-hundred-percent-height-scrolling\" style=\"background-color: rgba(255,255,255,0);background-position: left top;background-repeat: no-repeat;padding-top:20px;padding-right:0px;padding-bottom:20px;padding-left:0px;margin-bottom: 0px;margin-top: 0px;border-width: 0px 0px 0px 0px;border-color:#eae9e9;border-style:solid;\" ><div class=\"fusion-builder-row fusion-row\"><div class=\"fusion-layout-column fusion_builder_column fusion-builder-column-8 fusion_builder_column_1_6 1_6 fusion-one-sixth fusion-column-first\" style=\"width:13.3333%; margin-right: 4%;margin-top:0px;margin-bottom:20px;\"><div class=\"fusion-column-wrapper fusion-flex-column-wrapper-legacy\" style=\"background-position:left top;background-repeat:no-repeat;-webkit-background-size:cover;-moz-background-size:cover;-o-background-size:cover;background-size:cover;padding: 0px 0px 0px 0px;\"><div class=\"fusion-clearfix\"><\/div><\/div><\/div><div class=\"fusion-layout-column fusion_builder_column fusion-builder-column-9 fusion_builder_column_2_3 2_3 fusion-two-third\" style=\"width:65.3333%; margin-right: 4%;margin-top:0px;margin-bottom:20px;\"><div class=\"fusion-column-wrapper fusion-flex-column-wrapper-legacy\" style=\"background-position:left top;background-repeat:no-repeat;-webkit-background-size:cover;-moz-background-size:cover;-o-background-size:cover;background-size:cover;padding: 0px 0px 0px 0px;\"><div class=\"fusion-text fusion-text-6\"><h1>HIPOTECAS<\/h1>\n<h4>Tus dolores de cabeza para resolver preguntas como: Califico para comprar o refinanciar? Hasta cuanto puedo comprar? Cu\u00e1les van a ser mis pagos mensuales? Cu\u00e1l es el inter\u00e9s que voy a pagar? Cuanto tengo que dar de cuota inicial? Cuanto me va a costar comprar? Y muchas otras que puedas tener, te ayudaremos a resolverlas sugiri\u00e9ndote profesionales en la industria de pr\u00e9stamos hipotecarios con opciones desde 0% de cuota inicial. Nuestra experiencia por m\u00e1s de 28 a\u00f1os nos ha permitido crear alianzas con compa\u00f1\u00edas que entienden como es tu vida y quieren verte mejor llev\u00e1ndote al hogar de tus sue\u00f1os.<\/h4>\n<\/div><div class=\"fusion-clearfix\"><\/div><\/div><\/div><div class=\"fusion-layout-column fusion_builder_column fusion-builder-column-10 fusion_builder_column_1_6 1_6 fusion-one-sixth fusion-column-last\" style=\"width:13.3333%;margin-top:0px;margin-bottom:20px;\"><div class=\"fusion-column-wrapper fusion-flex-column-wrapper-legacy\" style=\"background-position:left top;background-repeat:no-repeat;-webkit-background-size:cover;-moz-background-size:cover;-o-background-size:cover;background-size:cover;padding: 0px 0px 0px 0px;\"><div class=\"fusion-clearfix\"><\/div><\/div><\/div><\/div><\/div><div class=\"fusion-fullwidth fullwidth-box fusion-builder-row-7 hundred-percent-fullwidth non-hundred-percent-height-scrolling\" style=\"background-color: rgba(255,255,255,0);background-position: center center;background-repeat: no-repeat;padding-top:0px;padding-right:30px;padding-bottom:0px;padding-left:30px;margin-bottom: 0px;margin-top: 0px;border-width: 0px 0px 0px 0px;border-color:#eae9e9;border-style:solid;\" ><div class=\"fusion-builder-row fusion-row\"><div class=\"fusion-layout-column fusion_builder_column fusion-builder-column-11 fusion_builder_column_1_1 1_1 fusion-one-full fusion-column-first fusion-column-last fusion-column-no-min-height\" style=\"margin-top:0px;margin-bottom:0px;\"><div class=\"fusion-column-wrapper fusion-flex-column-wrapper-legacy\" style=\"background-position:left top;background-repeat:no-repeat;-webkit-background-size:cover;-moz-background-size:cover;-o-background-size:cover;background-size:cover;padding: 0px 0px 0px 0px;\"><div class=\"fusion-clearfix\"><\/div><\/div><\/div><\/div><style type=\"text\/css\">.fusion-fullwidth.fusion-builder-row-7 { overflow:visible; }<\/style><\/div><\/p>","protected":false},"excerpt":{"rendered":"","protected":false},"author":1,"featured_media":0,"parent":0,"menu_order":0,"comment_status":"closed","ping_status":"closed","template":"100-width.php","meta":{"footnotes":""},"class_list":["post-108","page","type-page","status-publish","hentry"],"aioseo_notices":[],"_links":{"self":[{"href":"https:\/\/home-prorealty.com\/es\/wp-json\/wp\/v2\/pages\/108","targetHints":{"allow":["GET"]}}],"collection":[{"href":"https:\/\/home-prorealty.com\/es\/wp-json\/wp\/v2\/pages"}],"about":[{"href":"https:\/\/home-prorealty.com\/es\/wp-json\/wp\/v2\/types\/page"}],"author":[{"embeddable":true,"href":"https:\/\/home-prorealty.com\/es\/wp-json\/wp\/v2\/users\/1"}],"replies":[{"embeddable":true,"href":"https:\/\/home-prorealty.com\/es\/wp-json\/wp\/v2\/comments?post=108"}],"version-history":[{"count":36,"href":"https:\/\/home-prorealty.com\/es\/wp-json\/wp\/v2\/pages\/108\/revisions"}],"predecessor-version":[{"id":691,"href":"https:\/\/home-prorealty.com\/es\/wp-json\/wp\/v2\/pages\/108\/revisions\/691"}],"wp:attachment":[{"href":"https:\/\/home-prorealty.com\/es\/wp-json\/wp\/v2\/media?parent=108"}],"curies":[{"name":"wp","href":"https:\/\/api.w.org\/{rel}","templated":true}]}}