{"id":10,"date":"2016-09-09T11:51:24","date_gmt":"2016-09-09T11:51:24","guid":{"rendered":"http:\/\/home-prorealty.com\/?page_id=10"},"modified":"2021-10-23T18:58:34","modified_gmt":"2021-10-23T18:58:34","slug":"buyers","status":"publish","type":"page","link":"https:\/\/home-prorealty.com\/es\/buyers","title":{"rendered":"COMPRANDO TU CASA"},"content":{"rendered":"<p><div class=\"fusion-fullwidth fullwidth-box fusion-builder-row-1 hundred-percent-fullwidth non-hundred-percent-height-scrolling\" style=\"background-color: rgba(255,255,255,0);background-position: center center;background-repeat: no-repeat;padding-top:0px;padding-right:30px;padding-bottom:0px;padding-left:30px;margin-bottom: 0px;margin-top: 0px;border-width: 0px 0px 0px 0px;border-color:#eae9e9;border-style:solid;\" ><div class=\"fusion-builder-row fusion-row\"><div class=\"fusion-layout-column fusion_builder_column fusion-builder-column-0 fusion_builder_column_1_1 1_1 fusion-one-full fusion-column-first fusion-column-last fusion-column-no-min-height\" style=\"margin-top:0px;margin-bottom:0px;\"><div class=\"fusion-column-wrapper fusion-flex-column-wrapper-legacy\" style=\"background-position:left top;background-repeat:no-repeat;-webkit-background-size:cover;-moz-background-size:cover;-o-background-size:cover;background-size:cover;padding: 0px 0px 0px 0px;\"><div class=\"fusion-clearfix\"><\/div><\/div><\/div><\/div><style type=\"text\/css\">.fusion-fullwidth.fusion-builder-row-4 { overflow:visible; }<\/style><\/div><div class=\"fusion-fullwidth fullwidth-box fusion-builder-row-5 fusion-parallax-none nonhundred-percent-fullwidth non-hundred-percent-height-scrolling\" style=\"background-color: rgba(255,255,255,0);background-image: url(&quot;http:\/\/realtorsonfire.com\/wp-content\/uploads\/2016\/09\/1200-Buyers-04.jpg&quot;);background-position: left top;background-repeat: no-repeat;padding-top:40px;padding-right:0px;padding-bottom:20px;padding-left:0px;margin-bottom: 0px;margin-top: 0px;border-width: 0px 0px 0px 0px;border-color:#eae9e9;border-style:solid;-webkit-background-size:cover;-moz-background-size:cover;-o-background-size:cover;background-size:cover;\" ><div class=\"fusion-builder-row fusion-row\"><div class=\"fusion-layout-column fusion_builder_column fusion-builder-column-7 fusion_builder_column_3_5 3_5 fusion-three-fifth fusion-column-first\" style=\"width:58.4%; margin-right: 4%;margin-top:0px;margin-bottom:20px;\"><div class=\"fusion-column-wrapper fusion-flex-column-wrapper-legacy\" style=\"background-position:left top;background-repeat:no-repeat;-webkit-background-size:cover;-moz-background-size:cover;-o-background-size:cover;background-size:cover;padding: 0px 0px 0px 0px;\"><div class=\"fusion-clearfix\"><\/div><\/div><\/div><div class=\"fusion-layout-column fusion_builder_column fusion-builder-column-8 fusion_builder_column_2_5 2_5 fusion-two-fifth fusion-column-last\" style=\"width:37.6%;margin-top:0px;margin-bottom:20px;\"><div class=\"fusion-column-wrapper fusion-flex-column-wrapper-legacy\" style=\"background-position:left top;background-repeat:no-repeat;-webkit-background-size:cover;-moz-background-size:cover;-o-background-size:cover;background-size:cover;padding: 0px 0px 0px 0px;\"><div class=\"fusion-text fusion-text-3\">\n<div class=\"wpcf7 no-js\" id=\"wpcf7-f58-o2\" lang=\"en-US\" dir=\"ltr\" data-wpcf7-id=\"58\">\n<div class=\"screen-reader-response\"><p role=\"status\" aria-live=\"polite\" aria-atomic=\"true\"><\/p> <ul><\/ul><\/div>\n<form action=\"\/es\/wp-json\/wp\/v2\/pages\/10#wpcf7-f58-o2\" method=\"post\" class=\"wpcf7-form init mailchimp-ext-0.4.30\" aria-label=\"Contact form\" novalidate=\"novalidate\" data-status=\"init\">\n<div style=\"display: none;\">\n<input type=\"hidden\" name=\"_wpcf7\" value=\"58\" \/>\n<input type=\"hidden\" name=\"_wpcf7_version\" value=\"6.0.6\" \/>\n<input type=\"hidden\" name=\"_wpcf7_locale\" value=\"en_US\" \/>\n<input type=\"hidden\" name=\"_wpcf7_unit_tag\" value=\"wpcf7-f58-o2\" \/>\n<input type=\"hidden\" name=\"_wpcf7_container_post\" value=\"0\" \/>\n<input type=\"hidden\" name=\"_wpcf7_posted_data_hash\" value=\"\" \/>\n<\/div>\n<div class=\"contactforms buyerform\">\n\t<div class=\"formmain\">\n\t\t<div class=\"formheader\">\n\t\t\t<div class=\"formheadertext\">\n\t\t\t\t<h4>Estoy listo para empezar\n\t\t\t\t<\/h4>\n\t\t\t\t<h2>Necesito comprar\n\t\t\t\t<\/h2>\n\t\t\t<\/div>\n\t\t<\/div>\n\t\t<div class=\"formbody\">\n\t\t\t<div class=\"forminputrow forminput2col\">\n\t\t\t\t<p><span class=\"forminputlabel\">Nombre<\/span><br \/>\n<span class=\"wpcf7-form-control-wrap\" data-name=\"fullname\"><input size=\"40\" maxlength=\"400\" class=\"wpcf7-form-control wpcf7-text wpcf7-validates-as-required\" aria-required=\"true\" aria-invalid=\"false\" value=\"\" type=\"text\" name=\"fullname\" \/><\/span>\n\t\t\t\t<\/p>\n\t\t\t<\/div>\n\t\t\t<div class=\"forminputrow forminput2col\">\n\t\t\t\t<p><span class=\"forminputlabel\">Email<\/span><br \/>\n<span class=\"wpcf7-form-control-wrap\" data-name=\"email\"><input size=\"40\" maxlength=\"400\" class=\"wpcf7-form-control wpcf7-email wpcf7-validates-as-required wpcf7-text wpcf7-validates-as-email\" aria-required=\"true\" aria-invalid=\"false\" value=\"\" type=\"email\" name=\"email\" \/><\/span>\n\t\t\t\t<\/p>\n\t\t\t<\/div>\n\t\t\t<div class=\"forminputrow forminput2col\">\n\t\t\t\t<p><span class=\"forminputlabel\">Tel\u00e9fono<\/span><br \/>\n<span class=\"wpcf7-form-control-wrap\" data-name=\"cell\"><input size=\"40\" maxlength=\"400\" class=\"wpcf7-form-control wpcf7-tel wpcf7-validates-as-required wpcf7-text wpcf7-validates-as-tel phoneUS\" aria-required=\"true\" aria-invalid=\"false\" value=\"\" type=\"tel\" name=\"cell\" \/><\/span>\n\t\t\t\t<\/p>\n\t\t\t<\/div>\n\t\t\t<div class=\"forminputrow forminputinline forminputradio\">\n\t\t\t\t<p><span class=\"forminputlabel\">Comprador por primera vez:<\/span><br \/>\n<span class=\"wpcf7-form-control-wrap\" data-name=\"first-time-buyer\"><span class=\"wpcf7-form-control wpcf7-radio\"><span class=\"wpcf7-list-item first\"><input type=\"radio\" name=\"first-time-buyer\" value=\"SI\" checked=\"checked\" \/><span class=\"wpcf7-list-item-label\">SI<\/span><\/span><span class=\"wpcf7-list-item last\"><input type=\"radio\" name=\"first-time-buyer\" value=\"NO\" \/><span class=\"wpcf7-list-item-label\">NO<\/span><\/span><\/span><\/span>\n\t\t\t\t<\/p>\n\t\t\t<\/div>\n\t\t\t<div class=\"forminputrow forminputinline forminputradio\">\n\t\t\t\t<p><span class=\"forminputlabel\">Historia de cr\u00e9dito<\/span><br \/>\n<span class=\"wpcf7-form-control-wrap\" data-name=\"credit-history\"><span class=\"wpcf7-form-control wpcf7-radio\"><span class=\"wpcf7-list-item first\"><input type=\"radio\" name=\"credit-history\" value=\"Bajo\" checked=\"checked\" \/><span class=\"wpcf7-list-item-label\">Bajo<\/span><\/span><span class=\"wpcf7-list-item\"><input type=\"radio\" name=\"credit-history\" value=\"Promedio\" \/><span class=\"wpcf7-list-item-label\">Promedio<\/span><\/span><span class=\"wpcf7-list-item last\"><input type=\"radio\" name=\"credit-history\" value=\"Excelente\" \/><span class=\"wpcf7-list-item-label\">Excelente<\/span><\/span><\/span><\/span>\n\t\t\t\t<\/p>\n\t\t\t<\/div>\n\t\t\t<div class=\"forminputrow forminputblock\">\n\t\t\t\t<p><span class=\"forminputlabel\">Estoy interesado en una propiedad en:<\/span><br \/>\n<span class=\"wpcf7-form-control-wrap\" data-name=\"cityandstate\"><input size=\"40\" maxlength=\"400\" class=\"wpcf7-form-control wpcf7-text\" aria-invalid=\"false\" value=\"\" type=\"text\" name=\"cityandstate\" \/><\/span>\n\t\t\t\t<\/p>\n\t\t\t<\/div>\n\t\t\t<div class=\"forminputrow forminputinline forminputselect\">\n\t\t\t\t<p><span class=\"forminputlabel\">La mejor hora para contactarte:<\/span><br \/>\n<span class=\"wpcf7-form-control-wrap\" data-name=\"timetocontact\"><select class=\"wpcf7-form-control wpcf7-select\" aria-invalid=\"false\" name=\"timetocontact\"><option value=\"Hora\">Hora<\/option><option value=\"Ma\u00c3\u00b1ana\">Ma\u00c3\u00b1ana<\/option><option value=\"Tarde\">Tarde<\/option><option value=\"Noche\">Noche<\/option><\/select><\/span>\n\t\t\t\t<\/p>\n\t\t\t<\/div>\n\t\t\t<div class=\"ggl-captcha\">\n\t\t\t\t<p>[recaptcha]\n\t\t\t\t<\/p>\n\t\t\t<\/div>\n\t\t\t<div class=\"formsubmitrow\">\n\t\t\t\t<p><input class=\"wpcf7-form-control wpcf7-submit has-spinner\" type=\"submit\" value=\"QUIERO COMPRAR\" \/>\n\t\t\t\t<\/p>\n\t\t\t<\/div>\n\t\t<\/div>\n\t<\/div>\n<\/div><p style=\"display: none !important;\"><label>&#916;<textarea name=\"_wpcf7_ak_hp_textarea\" cols=\"45\" rows=\"8\" maxlength=\"100\"><\/textarea><\/label><input type=\"hidden\" id=\"ak_js\" name=\"_wpcf7_ak_js\" value=\"246\"\/><script>document.getElementById( \"ak_js\" ).setAttribute( \"value\", ( new Date() ).getTime() );<\/script><\/p><div class=\"fusion-alert alert custom alert-custom fusion-alert-center wpcf7-response-output alert-dismissable\" style=\"border-width:1px;\"><button type=\"button\" class=\"close toggle-alert\" data-dismiss=\"alert\" aria-label=\"Close\">&times;<\/button><div class=\"fusion-alert-content-wrapper\"><span class=\"fusion-alert-content\"><\/span><\/div><\/div><p style=\"display: none !important\"><span class=\"wpcf7-form-control-wrap referer-page\"><input type=\"hidden\" name=\"referer-page\" value=\"direct visit\" size=\"40\" class=\"wpcf7-form-control wpcf7-text referer-page\" aria-invalid=\"false\"><\/span><\/p>\n<!-- Chimpmail extension by Renzo Johnson -->\n<\/form>\n<\/div>\n\n<\/div><div class=\"fusion-clearfix\"><\/div><\/div><\/div><\/div><\/div><div class=\"fusion-fullwidth fullwidth-box fusion-builder-row-6 nonhundred-percent-fullwidth non-hundred-percent-height-scrolling\" style=\"background-color: rgba(255,255,255,0);background-position: left top;background-repeat: no-repeat;padding-top:20px;padding-right:0px;padding-bottom:20px;padding-left:0px;margin-bottom: 0px;margin-top: 0px;border-width: 0px 0px 0px 0px;border-color:#eae9e9;border-style:solid;\" ><div class=\"fusion-builder-row fusion-row\"><div class=\"fusion-layout-column fusion_builder_column fusion-builder-column-9 fusion_builder_column_1_6 1_6 fusion-one-sixth fusion-column-first\" style=\"width:13.3333%; margin-right: 4%;margin-top:0px;margin-bottom:20px;\"><div class=\"fusion-column-wrapper fusion-flex-column-wrapper-legacy\" style=\"background-position:left top;background-repeat:no-repeat;-webkit-background-size:cover;-moz-background-size:cover;-o-background-size:cover;background-size:cover;padding: 0px 0px 0px 0px;\"><div class=\"fusion-clearfix\"><\/div><\/div><\/div><div class=\"fusion-layout-column fusion_builder_column fusion-builder-column-10 fusion_builder_column_2_3 2_3 fusion-two-third\" style=\"width:65.3333%; margin-right: 4%;margin-top:0px;margin-bottom:20px;\"><div class=\"fusion-column-wrapper fusion-flex-column-wrapper-legacy\" style=\"background-position:left top;background-repeat:no-repeat;-webkit-background-size:cover;-moz-background-size:cover;-o-background-size:cover;background-size:cover;padding: 0px 0px 0px 0px;\"><div class=\"fusion-text fusion-text-4\"><h1><strong>COMPRANDO TU CASA<\/strong><\/h1>\n<h4>Cuando los profesionales de Home Pro Realty est\u00e1n de tu lado, contratas un equipo entero que te guiar\u00e1 en una experiencia \u00fanica hacia ese lugar que podr\u00e1s llamar hogar. Usamos la tecnolog\u00eda como un aliado inseparable, pero sin duda necesitas a alguien que escuche y entienda tus necesidades para ayudarte a encontrar lo que buscas.<\/h4>\n<h4><strong><a href=\"http:\/\/realtorsonfire.com\/about-us\/\">Germ\u00e1n y Victoria Pe\u00f1a<\/a><\/strong> lideran un equipo de agentes profesionales en la industria de bienes ra\u00ed\u00adces (Realtors), los cuales han adquirido la experticia necesaria para asesorarte y entregarte el hogar que siempre haz buscado.<\/h4>\n<h3>Estas son algunas de las ventajas que tienes cuando trabajas con el equipo de Home Pro Realty:<\/h3>\n<ul>\n<li>\n<h4>Acceso a cada propiedad disponible para la venta de todas las compa\u00f1\u00ed\u00adas de bienes ra\u00ed\u00adces en Virginia, Maryland y Washington DC.<\/h4>\n<\/li>\n<li>\n<h4>Trabajaremos contigo en tu tiempo. Cr\u00e9enos, contestaremos tus llamadas.<\/h4>\n<\/li>\n<li>\n<h4>\u00a1Negociaremos por t\u00ed! recuerda que somos <span style=\"color: #2353a5;\"><strong>REALTORS ON FIRE!<\/strong><\/span><\/h4>\n<\/li>\n<li>\n<h4>Agentes conocedores. Sabemos lo que hacemos.<\/h4>\n<\/li>\n<li>\n<h4>Alertas en tu correo electr\u00f3nico en tiempo real de las propiedades que deseas.<\/h4>\n<\/li>\n<li>\n<h4>Acceso a la b\u00fasqueda de propiedades 24\/7.<\/h4>\n<\/li>\n<li>\n<h4>28 a\u00f1os de experiencia en la industria de bienes ra\u00ed\u00adces te dar\u00e1n la oportunidad de acceder a las mejores compa\u00f1\u00ed\u00adas de pr\u00e9stamos hipotecarios, inspecciones, garant\u00ed\u00adas y mucho m\u00e1s.<\/h4>\n<\/li>\n<li>\n<h4>Te acompa\u00f1aremos por los a\u00f1os que est\u00e1n por venir.<\/h4>\n<\/li>\n<\/ul>\n<h4><\/h4>\n<\/div><div class=\"fusion-clearfix\"><\/div><\/div><\/div><div class=\"fusion-layout-column fusion_builder_column fusion-builder-column-11 fusion_builder_column_1_6 1_6 fusion-one-sixth fusion-column-last\" style=\"width:13.3333%;margin-top:0px;margin-bottom:20px;\"><div class=\"fusion-column-wrapper fusion-flex-column-wrapper-legacy\" style=\"background-position:left top;background-repeat:no-repeat;-webkit-background-size:cover;-moz-background-size:cover;-o-background-size:cover;background-size:cover;padding: 0px 0px 0px 0px;\"><div class=\"fusion-clearfix\"><\/div><\/div><\/div><\/div><\/div><div class=\"fusion-fullwidth fullwidth-box fusion-builder-row-7 hundred-percent-fullwidth non-hundred-percent-height-scrolling\" style=\"background-color: rgba(255,255,255,0);background-position: center center;background-repeat: no-repeat;padding-top:0px;padding-right:30px;padding-bottom:0px;padding-left:30px;margin-bottom: 0px;margin-top: 0px;border-width: 0px 0px 0px 0px;border-color:#eae9e9;border-style:solid;\" ><div class=\"fusion-builder-row fusion-row\"><div class=\"fusion-layout-column fusion_builder_column fusion-builder-column-12 fusion_builder_column_1_1 1_1 fusion-one-full fusion-column-first fusion-column-last fusion-column-no-min-height\" style=\"margin-top:0px;margin-bottom:0px;\"><div class=\"fusion-column-wrapper fusion-flex-column-wrapper-legacy\" style=\"background-position:left top;background-repeat:no-repeat;-webkit-background-size:cover;-moz-background-size:cover;-o-background-size:cover;background-size:cover;padding: 0px 0px 0px 0px;\"><div class=\"fusion-clearfix\"><\/div><\/div><\/div><\/div><style type=\"text\/css\">.fusion-fullwidth.fusion-builder-row-7 { overflow:visible; }<\/style><\/div><\/p>","protected":false},"excerpt":{"rendered":"","protected":false},"author":1,"featured_media":0,"parent":0,"menu_order":0,"comment_status":"closed","ping_status":"open","template":"100-width.php","meta":{"footnotes":""},"class_list":["post-10","page","type-page","status-publish","hentry"],"aioseo_notices":[],"_links":{"self":[{"href":"https:\/\/home-prorealty.com\/es\/wp-json\/wp\/v2\/pages\/10","targetHints":{"allow":["GET"]}}],"collection":[{"href":"https:\/\/home-prorealty.com\/es\/wp-json\/wp\/v2\/pages"}],"about":[{"href":"https:\/\/home-prorealty.com\/es\/wp-json\/wp\/v2\/types\/page"}],"author":[{"embeddable":true,"href":"https:\/\/home-prorealty.com\/es\/wp-json\/wp\/v2\/users\/1"}],"replies":[{"embeddable":true,"href":"https:\/\/home-prorealty.com\/es\/wp-json\/wp\/v2\/comments?post=10"}],"version-history":[{"count":42,"href":"https:\/\/home-prorealty.com\/es\/wp-json\/wp\/v2\/pages\/10\/revisions"}],"predecessor-version":[{"id":693,"href":"https:\/\/home-prorealty.com\/es\/wp-json\/wp\/v2\/pages\/10\/revisions\/693"}],"wp:attachment":[{"href":"https:\/\/home-prorealty.com\/es\/wp-json\/wp\/v2\/media?parent=10"}],"curies":[{"name":"wp","href":"https:\/\/api.w.org\/{rel}","templated":true}]}}